{"id":1268,"date":"2020-04-24T17:12:53","date_gmt":"2020-04-24T15:12:53","guid":{"rendered":"http:\/\/plusdunevoix.fr\/?page_id=1268"},"modified":"2026-02-02T15:52:02","modified_gmt":"2026-02-02T14:52:02","slug":"revue-de-presse","status":"publish","type":"page","link":"https:\/\/plusdunevoix.fr\/index.php\/revue-de-presse\/","title":{"rendered":"PRESSE"},"content":{"rendered":"<p>[vc_row css_animation=\u00a0\u00bb\u00a0\u00bb row_type=\u00a0\u00bbrow\u00a0\u00bb use_row_as_full_screen_section=\u00a0\u00bbno\u00a0\u00bb type=\u00a0\u00bbfull_width\u00a0\u00bb angled_section=\u00a0\u00bbno\u00a0\u00bb text_align=\u00a0\u00bbleft\u00a0\u00bb background_image_as_pattern=\u00a0\u00bbwithout_pattern\u00a0\u00bb][vc_column][vc_empty_space][vc_empty_space][vc_empty_space][vc_empty_space][vc_column_text]<\/p>\n<p>\nLE PAYS DES AUTRES \u00e0 Geispolsheim<br \/>\u00ab\u00a0Une histoire de r\u00e9sistance f\u00e9minine ancr\u00e9e dans les ann\u00e9es 40 \u00e9tonnamment actuelle.\u00a0\u00bb<br \/>\n<a href=\"https:\/\/www.rue89strasbourg.com\/selection-culturelle-fevrier-2026-379155\">Lire l&rsquo;article<\/a><\/p>\n<p>[\/vc_column_text][vc_empty_space][vc_column_text]<\/p>\n<p>LE PAYS DES AUTRES \u00e0 Mulhouse<br \/>\n\u00ab\u00a0Un spectacle qui montre qu&rsquo;on peut vivre ensemble.\u00a0\u00bb \u00ab\u00a0Une \u00e9criture tr\u00e8s visuelle, tr\u00e8s sensorielle, on se plonge dans l&rsquo;ambiance du Maroc et de l&rsquo;Alsace des ann\u00e9es 1950\u00a0\u00bb<br \/>\n<a href=\"https:\/\/www.lalsace.fr\/culture-loisirs\/2025\/05\/05\/d-apres-leila-slimani-le-pays-des-autres-un-spectacle-qui-rassemble\">Lire l&rsquo;article<\/a><br \/>\n[\/vc_column_text][vc_empty_space][vc_column_text]<\/p>\n<p>LE PAYS DES AUTRES \u00e0 FERRETTE<br \/>\n\u00ab\u00a0Dr\u00f4le\u00a0\u00bb, \u00ab\u00a0Captivant\u00a0\u00bb, \u00ab\u00a0A retenir parmi les surprises d\u00e9lectables des nuits de la lecture\u00a0\u00bb <a href=\"https:\/\/www.lalsace.fr\/culture-loisirs\/2025\/01\/26\/mots-histoires-emotions-et-chansons-a-la-mediatheque\">Lire l&rsquo;article<\/a><\/p>\n<p>[\/vc_column_text][vc_empty_space][vc_column_text]<\/p>\n<p>HELENE LACOSTE &#8211; ARTISTE ASSOCIEE &#8211; RESEAU BIBLIOTHEQUES COLMAR<br \/>\n\u00ab\u00a0Contribuer \u00e0 ce que chacun trouve sa place, c&rsquo;est \u00e0 cela que contribue H\u00e9l\u00e8ne Lacoste, avec ses \u00e9l\u00e8ves passionn\u00e9s des mots et du dire. Sans doute parce que dans un monde en tension(s), \u00ab la culture est l\u2019endroit o\u00f9 l\u2019on peut (encore) trouver un espace plus paisible, moins violent \u00bb, empreint de musicalit\u00e9 litt\u00e9raire.\u00a0\u00bb<a href=\"https:\/\/colmar.maxi-flash.com\/2024\/10\/14\/colmar-helene-lacoste-federe-les-ecritures-citoyennes\/\">Lire l&rsquo;article<\/a><\/p>\n<p>[\/vc_column_text][vc_empty_space][vc_column_text]<\/p>\n<p>PHEDRE<br \/>\nTout est dans l\u2019intonation et l\u2019expression du visage des com\u00e9diens ainsi que dans la mise en musique. En effet les instruments (guitare, batterie, basse) fusionnent avec les voix \u00e0 la fa\u00e7on d\u2019un op\u00e9ra lyrique. La remarquable interpr\u00e9tation de Fiona Chaudon (Ph\u00e8dre), Serge Lipszyc (Hippolyte), H\u00e9l\u00e8ne Lacoste (\u0152none et le messager), Yann Siptrott (Th\u00e9s\u00e9e) et Jean-Christophe Lauth (musique et ch\u0153ur) a \u00e9t\u00e9 fort appr\u00e9ci\u00e9e des spectateurs qui ont longuement applaudi les artistes. &#8211; DNA Bouxwiller &#8211; <a href=\"https:\/\/www.dna.fr\/culture-loisirs\/2022\/03\/07\/phedre-a-la-facon-d-un-opera-lyrique\">Lire l&rsquo;article<\/a><\/p>\n<p>[\/vc_column_text][vc_empty_space][vc_column_text]<\/p>\n<p>Remarquable interpr\u00e9tation de la compagnie Plus d&rsquo;une voix, tr\u00e8s prenante et charg\u00e9e d&rsquo;\u00e9motions fortes. Les acteurs ont \u00e9t\u00e9 longuement et chaleureusement applaudis. &#8211; DNA Rouffach &#8211;<a href=\"https:\/\/www.dna.fr\/edition-colmar-guebwiller\/2020\/02\/03\/remarquable-prestation-de-la-compagnie-plus-d-une-voix\">Lire l&rsquo;article<\/a><\/p>\n<p>[\/vc_column_text][vc_empty_space][vc_column_text]<\/p>\n<p>A MON CHIEN ROUGE<br \/>\n\u00ab\u00a0A mon chien rouge\u00a0\u00bb, dont c&rsquo;est la cr\u00e9ation ce soir, semble avoir une existence ant\u00e9rieure, s&rsquo;inscrire dans la lign\u00e9e des trag\u00e9dies antiques &#8211; DNA Colmar &#8211; <a href=\"https:\/\/www.dna.fr\/culture-loisirs\/2021\/11\/22\/chien-rouge-sans-laisse\">Lire l&rsquo;article<\/a><\/p>\n<p>[\/vc_column_text][vc_empty_space][vc_column_text]<\/p>\n<p>CE JOUR-LA<br \/>\nUn spectacle de qualit\u00e9- DNA Masevaux &#8211; <a href=\"https:\/\/www.dna.fr\/edition-de-mulhouse-et-thann\/2019\/01\/16\/autour-de-maupassant\">Lire l&rsquo;article<\/a><\/p>\n<p>[\/vc_column_text][vc_empty_space][vc_column_text]<\/p>\n<p>RIEN NE MEURT<br \/>\nLes souvenirs reprennent vie. Toutes les tentatives d&rsquo;accord et les besoins de tendresse, d&rsquo;amour. &#8211; DNA Turckheim &#8211; <a href=\"https:\/\/www.dna.fr\/edition-de-colmar\/2019\/03\/15\/rien-ne-meurt-comme-ma-mere\">Lire l&rsquo;article<\/a><\/p>\n<p>[\/vc_column_text][vc_empty_space][vc_column_text]<\/p>\n<p>TOMBE DE SOMMEIL<br \/>\nLa philosophie sur sc\u00e8ne &#8211; DNA Strasbourg &#8211; <a href=\"https:\/\/www.dna.fr\/edition-de-strasbourg\/2015\/05\/23\/tombe-de-sommeil\">Lire l&rsquo;article<\/a><\/p>\n<p>[\/vc_column_text][vc_empty_space][\/vc_column][\/vc_row][vc_row css_animation=\u00a0\u00bb\u00a0\u00bb row_type=\u00a0\u00bbrow\u00a0\u00bb use_row_as_full_screen_section=\u00a0\u00bbno\u00a0\u00bb type=\u00a0\u00bbfull_width\u00a0\u00bb angled_section=\u00a0\u00bbno\u00a0\u00bb text_align=\u00a0\u00bbleft\u00a0\u00bb background_image_as_pattern=\u00a0\u00bbwithout_pattern\u00a0\u00bb][vc_column][\/vc_column][\/vc_row]<\/p>\n","protected":false},"excerpt":{"rendered":"<p>[vc_row css_animation=\u00a0\u00bb\u00a0\u00bb row_type=\u00a0\u00bbrow\u00a0\u00bb use_row_as_full_screen_section=\u00a0\u00bbno\u00a0\u00bb type=\u00a0\u00bbfull_width\u00a0\u00bb angled_section=\u00a0\u00bbno\u00a0\u00bb text_align=\u00a0\u00bbleft\u00a0\u00bb background_image_as_pattern=\u00a0\u00bbwithout_pattern\u00a0\u00bb][vc_column][vc_empty_space][vc_empty_space][vc_empty_space][vc_empty_space][vc_column_text] LE PAYS DES AUTRES \u00e0 Geispolsheim\u00ab\u00a0Une histoire de r\u00e9sistance f\u00e9minine ancr\u00e9e dans les ann\u00e9es 40 \u00e9tonnamment actuelle.\u00a0\u00bb Lire l&rsquo;article [\/vc_column_text][vc_empty_space][vc_column_text] LE PAYS DES AUTRES \u00e0 Mulhouse \u00ab\u00a0Un spectacle qui montre qu&rsquo;on peut vivre ensemble.\u00a0\u00bb \u00ab\u00a0Une \u00e9criture tr\u00e8s&#8230;<\/p>\n","protected":false},"author":1,"featured_media":0,"parent":0,"menu_order":0,"comment_status":"closed","ping_status":"closed","template":"","meta":{"footnotes":""},"_links":{"self":[{"href":"https:\/\/plusdunevoix.fr\/index.php\/wp-json\/wp\/v2\/pages\/1268"}],"collection":[{"href":"https:\/\/plusdunevoix.fr\/index.php\/wp-json\/wp\/v2\/pages"}],"about":[{"href":"https:\/\/plusdunevoix.fr\/index.php\/wp-json\/wp\/v2\/types\/page"}],"author":[{"embeddable":true,"href":"https:\/\/plusdunevoix.fr\/index.php\/wp-json\/wp\/v2\/users\/1"}],"replies":[{"embeddable":true,"href":"https:\/\/plusdunevoix.fr\/index.php\/wp-json\/wp\/v2\/comments?post=1268"}],"version-history":[{"count":66,"href":"https:\/\/plusdunevoix.fr\/index.php\/wp-json\/wp\/v2\/pages\/1268\/revisions"}],"predecessor-version":[{"id":2437,"href":"https:\/\/plusdunevoix.fr\/index.php\/wp-json\/wp\/v2\/pages\/1268\/revisions\/2437"}],"wp:attachment":[{"href":"https:\/\/plusdunevoix.fr\/index.php\/wp-json\/wp\/v2\/media?parent=1268"}],"curies":[{"name":"wp","href":"https:\/\/api.w.org\/{rel}","templated":true}]}}