{"id":256,"date":"2019-04-03T14:14:31","date_gmt":"2019-04-03T12:14:31","guid":{"rendered":"http:\/\/plusdunevoix.fr\/?page_id=256"},"modified":"2025-01-08T16:00:58","modified_gmt":"2025-01-08T15:00:58","slug":"ce-jour-la","status":"publish","type":"page","link":"https:\/\/plusdunevoix.fr\/index.php\/ce-jour-la\/","title":{"rendered":"Ce jour-l\u00e0"},"content":{"rendered":"<p>[vc_row css_animation=\u00a0\u00bb\u00a0\u00bb row_type=\u00a0\u00bbrow\u00a0\u00bb use_row_as_full_screen_section=\u00a0\u00bbno\u00a0\u00bb type=\u00a0\u00bbfull_width\u00a0\u00bb angled_section=\u00a0\u00bbno\u00a0\u00bb text_align=\u00a0\u00bbleft\u00a0\u00bb background_image_as_pattern=\u00a0\u00bbwithout_pattern\u00a0\u00bb][vc_column width=\u00a0\u00bb1\/2&Prime; css=\u00a0\u00bb.vc_custom_1554312595375{padding-top: 195px !important;padding-bottom: 40px !important;}\u00a0\u00bb][vc_gallery interval=\u00a0\u00bb5&Prime; images=\u00a0\u00bb1771,1779,1777,1776,1775,1769,1772,1780,1774&Prime; img_size=\u00a0\u00bbmedium\u00a0\u00bb onclick=\u00a0\u00bb\u00a0\u00bb][\/vc_column][vc_column width=\u00a0\u00bb1\/2&Prime; css=\u00a0\u00bb.vc_custom_1554312587030{padding-top: 195px !important;padding-bottom: 40px !important;}\u00a0\u00bb][vc_column_text]<\/p>\n<h1>CE JOUR-L\u00c0<\/h1>\n<p>[\/vc_column_text][vc_column_text]<\/p>\n<h2>Conte musical<\/h2>\n<p>Si vous n&rsquo;avez jamais lu Maupassant, si vous n&rsquo;avez jamais song\u00e9 \u00e0 le relire depuis bien longtemps, voici le moment de vous laisser surprendre! Un texte vif, une musique qui fait battre du pied, des com\u00e9diennes qui nous entra\u00eenent dans une histoire qui fait tant\u00f4t sourire, pleurer et frissonner. Quelques mots de lui comme invitation: \u00ab\u00a0L\u2019oeil. En lui, il y a l&rsquo;\u00e2me, il y a l&rsquo;homme qui pense, l&rsquo;homme qui aime, l&rsquo;homme qui rit, l&rsquo;homme qui souffre !\u00a0\u00bb Guy de Maupassant<\/p>\n<p>&nbsp;<\/p>\n<p>[\/vc_column_text][vc_column_text]<\/p>\n<p>Soutiens DRAC Grand Est- R\u00e9gion Grand Est- Collectivit\u00e9 europ\u00e9enne d&rsquo;Alsace<br \/>\nPartenariats: L&rsquo;Illiade (Illkirch), Les Sentiers du Th\u00e9\u00e2tre, La Castine (Reichshoffen), Espace Malraux (Geispolsheim), Salle Europe (Colmar)<\/p>\n<p>[\/vc_column_text][vc_empty_space][vc_column_text]<\/p>\n<p>\u00ab\u00a0Un tr\u00e8s beau  texte de Maupassant avec des images fortes. Le d\u00e9bit \u00e9tait fluide et on entendait  bien le texte. J&rsquo;ai trouv\u00e9 que la sobri\u00e9t\u00e9 de la mise en sc\u00e8ne ajoutait \u00e0 l&rsquo;intensit\u00e9 au jeu, une intensit\u00e9 toute en retenue. Une belle pr\u00e9sence sc\u00e9nique aussi.<br \/>\nLes musiciens \u00e9taient super, la musique tant\u00f4t encadrait, tant\u00f4t apportait une respiration au r\u00e9cit &#8211; ou dialoguait avec les voix&#8230;\u00a0\u00bb T\u00e9moignage de Nina Kolarek<\/p>\n<p>[\/vc_column_text][\/vc_column][\/vc_row][vc_row css_animation=\u00a0\u00bb\u00a0\u00bb row_type=\u00a0\u00bbrow\u00a0\u00bb use_row_as_full_screen_section=\u00a0\u00bbno\u00a0\u00bb type=\u00a0\u00bbfull_width\u00a0\u00bb angled_section=\u00a0\u00bbno\u00a0\u00bb text_align=\u00a0\u00bbleft\u00a0\u00bb background_image_as_pattern=\u00a0\u00bbwithout_pattern\u00a0\u00bb][vc_column width=\u00a0\u00bb1\/5&Prime;]<div class=\"qode-image-with-icon-and-text\">\n    <div class=\"qode-iwiat-image-icon-holder\" >\n\t\t\t\t\t<div class=\"qode-iwiat-image\">\n\t\t\t\t<img decoding=\"async\" src=\"https:\/\/plusdunevoix.fr\/wp-content\/uploads\/2019\/04\/tom.jpg\" alt=\"\" \/>\n\t\t\t<\/div>\n\t\t\t\t<div class=\"qode-iwiat-icon-holder\">\n                            <span class=\"qode-icon-holder qode-icon-circle qode-icon-tiny\"  >\n                    <span aria-hidden=\"true\" class=\"qode_icon_font_elegant  qode-icon-element\" ><\/span>                <\/span>\n            \t\t<\/div>\n\t<\/div>\n\t\t\t<h3 class=\"qode-iwiat-title\">\n\t\t\tTOM FREUDENREICH\t\t<\/h3>\n\t\t\t\t<p class=\"qode-iwiat-text\">\n\t\t\tvioloniste\t\t<\/p>\n\t<\/div>[vc_empty_space][\/vc_column][vc_column width=\u00a0\u00bb1\/5&Prime;]<div class=\"qode-image-with-icon-and-text\">\n    <div class=\"qode-iwiat-image-icon-holder\" >\n\t\t\t\t\t<div class=\"qode-iwiat-image\">\n\t\t\t\t<img decoding=\"async\" src=\"https:\/\/plusdunevoix.fr\/wp-content\/uploads\/2020\/09\/Fiona_carr\u00e9.jpg\" alt=\"\" \/>\n\t\t\t<\/div>\n\t\t\t\t<div class=\"qode-iwiat-icon-holder\">\n                            <span class=\"qode-icon-holder qode-icon-circle qode-icon-tiny\"  >\n                    <span aria-hidden=\"true\" class=\"qode_icon_font_elegant  qode-icon-element\" ><\/span>                <\/span>\n            \t\t<\/div>\n\t<\/div>\n\t\t\t<h3 class=\"qode-iwiat-title\">\n\t\t\tFIONA CHAUDON\t\t<\/h3>\n\t\t\t\t<p class=\"qode-iwiat-text\">\n\t\t\tcom\u00e9dienne\t\t<\/p>\n\t<\/div>[vc_empty_space][\/vc_column][vc_column width=\u00a0\u00bb1\/5&Prime;]<div class=\"qode-image-with-icon-and-text\">\n    <div class=\"qode-iwiat-image-icon-holder\" >\n\t\t\t\t\t<div class=\"qode-iwiat-image\">\n\t\t\t\t<img decoding=\"async\" src=\"https:\/\/plusdunevoix.fr\/wp-content\/uploads\/2022\/12\/moi-nb-2-1.jpg\" alt=\"\" \/>\n\t\t\t<\/div>\n\t\t\t\t<div class=\"qode-iwiat-icon-holder\">\n                            <span class=\"qode-icon-holder qode-icon-circle qode-icon-tiny\"  >\n                    <span aria-hidden=\"true\" class=\"qode_icon_font_elegant  qode-icon-element\" ><\/span>                <\/span>\n            \t\t<\/div>\n\t<\/div>\n\t\t\t<h3 class=\"qode-iwiat-title\">\n\t\t\tHELENE LACOSTE\t\t<\/h3>\n\t\t\t\t<p class=\"qode-iwiat-text\">\n\t\t\tcom\u00e9dienne\t\t<\/p>\n\t<\/div>[vc_empty_space][\/vc_column][vc_column width=\u00a0\u00bb1\/5&Prime;]<div class=\"qode-image-with-icon-and-text\">\n    <div class=\"qode-iwiat-image-icon-holder\" >\n\t\t\t\t\t<div class=\"qode-iwiat-image\">\n\t\t\t\t<img decoding=\"async\" src=\"https:\/\/plusdunevoix.fr\/wp-content\/uploads\/2019\/04\/thomas.jpg\" alt=\"\" \/>\n\t\t\t<\/div>\n\t\t\t\t<div class=\"qode-iwiat-icon-holder\">\n                            <span class=\"qode-icon-holder qode-icon-circle qode-icon-tiny\"  >\n                    <span aria-hidden=\"true\" class=\"qode_icon_font_elegant  qode-icon-element\" ><\/span>                <\/span>\n            \t\t<\/div>\n\t<\/div>\n\t\t\t<h3 class=\"qode-iwiat-title\">\n\t\t\tTHOMAS GUTERHLE\t\t<\/h3>\n\t\t\t\t<p class=\"qode-iwiat-text\">\n\t\t\tguitariste\t\t<\/p>\n\t<\/div>[vc_empty_space][\/vc_column][vc_column width=\u00a0\u00bb1\/5&Prime;]<div class=\"qode-image-with-icon-and-text\">\n    <div class=\"qode-iwiat-image-icon-holder\" >\n\t\t\t\t\t<div class=\"qode-iwiat-image\">\n\t\t\t\t<img decoding=\"async\" src=\"https:\/\/plusdunevoix.fr\/wp-content\/uploads\/2020\/10\/portrait.jpg\" alt=\"\" \/>\n\t\t\t<\/div>\n\t\t\t\t<div class=\"qode-iwiat-icon-holder\">\n                            <span class=\"qode-icon-holder qode-icon-circle qode-icon-tiny\"  >\n                    <span aria-hidden=\"true\" class=\"qode_icon_font_elegant  qode-icon-element\" ><\/span>                <\/span>\n            \t\t<\/div>\n\t<\/div>\n\t\t\t<h3 class=\"qode-iwiat-title\">\n\t\t\tDOMINIQUE KLEIN\t\t<\/h3>\n\t\t\t\t<p class=\"qode-iwiat-text\">\n\t\t\tcr\u00e9ateur lumi\u00e8res\t\t<\/p>\n\t<\/div>[vc_empty_space][\/vc_column][\/vc_row][vc_row css_animation=\u00a0\u00bb\u00a0\u00bb row_type=\u00a0\u00bbrow\u00a0\u00bb use_row_as_full_screen_section=\u00a0\u00bbno\u00a0\u00bb type=\u00a0\u00bbfull_width\u00a0\u00bb angled_section=\u00a0\u00bbno\u00a0\u00bb text_align=\u00a0\u00bbleft\u00a0\u00bb background_image_as_pattern=\u00a0\u00bbwithout_pattern\u00a0\u00bb][vc_column][vc_column_text]<\/p>\n<p>Pr\u00e9c\u00e9dentes repr\u00e9sentations de la saison:<br \/>\n<strong>Vendredi 11 octobre \u00e0 20h30<\/strong> &#8211; La Bouilloire &#8211; Marckolsheim (68)<br \/><strong>Mardi 10 d\u00e9cembre \u00e0 18h30<\/strong> &#8211; P\u00f4le M\u00e9dia Culture &#8211; Colmar (68)- <a href=\"https:\/\/bibliotheque.colmar.fr\/\">infos<\/a><\/p>\n<p>[\/vc_column_text][\/vc_column][\/vc_row]<\/p>\n","protected":false},"excerpt":{"rendered":"<p>[vc_row css_animation=\u00a0\u00bb\u00a0\u00bb row_type=\u00a0\u00bbrow\u00a0\u00bb use_row_as_full_screen_section=\u00a0\u00bbno\u00a0\u00bb type=\u00a0\u00bbfull_width\u00a0\u00bb angled_section=\u00a0\u00bbno\u00a0\u00bb text_align=\u00a0\u00bbleft\u00a0\u00bb background_image_as_pattern=\u00a0\u00bbwithout_pattern\u00a0\u00bb][vc_column width=\u00a0\u00bb1\/2&Prime; css=\u00a0\u00bb.vc_custom_1554312595375{padding-top: 195px !important;padding-bottom: 40px !important;}\u00a0\u00bb][vc_gallery interval=\u00a0\u00bb5&Prime; images=\u00a0\u00bb1771,1779,1777,1776,1775,1769,1772,1780,1774&Prime; img_size=\u00a0\u00bbmedium\u00a0\u00bb onclick=\u00a0\u00bb\u00a0\u00bb][\/vc_column][vc_column width=\u00a0\u00bb1\/2&Prime; css=\u00a0\u00bb.vc_custom_1554312587030{padding-top: 195px !important;padding-bottom: 40px !important;}\u00a0\u00bb][vc_column_text] CE JOUR-L\u00c0 [\/vc_column_text][vc_column_text] Conte musical Si vous n&rsquo;avez jamais lu Maupassant, si vous n&rsquo;avez jamais song\u00e9 \u00e0 le relire depuis bien&#8230;<\/p>\n","protected":false},"author":1,"featured_media":0,"parent":0,"menu_order":0,"comment_status":"closed","ping_status":"closed","template":"","meta":{"footnotes":""},"_links":{"self":[{"href":"https:\/\/plusdunevoix.fr\/index.php\/wp-json\/wp\/v2\/pages\/256"}],"collection":[{"href":"https:\/\/plusdunevoix.fr\/index.php\/wp-json\/wp\/v2\/pages"}],"about":[{"href":"https:\/\/plusdunevoix.fr\/index.php\/wp-json\/wp\/v2\/types\/page"}],"author":[{"embeddable":true,"href":"https:\/\/plusdunevoix.fr\/index.php\/wp-json\/wp\/v2\/users\/1"}],"replies":[{"embeddable":true,"href":"https:\/\/plusdunevoix.fr\/index.php\/wp-json\/wp\/v2\/comments?post=256"}],"version-history":[{"count":88,"href":"https:\/\/plusdunevoix.fr\/index.php\/wp-json\/wp\/v2\/pages\/256\/revisions"}],"predecessor-version":[{"id":2272,"href":"https:\/\/plusdunevoix.fr\/index.php\/wp-json\/wp\/v2\/pages\/256\/revisions\/2272"}],"wp:attachment":[{"href":"https:\/\/plusdunevoix.fr\/index.php\/wp-json\/wp\/v2\/media?parent=256"}],"curies":[{"name":"wp","href":"https:\/\/api.w.org\/{rel}","templated":true}]}}