{"id":258,"date":"2019-04-03T14:14:31","date_gmt":"2019-04-03T12:14:31","guid":{"rendered":"http:\/\/plusdunevoix.fr\/?page_id=258"},"modified":"2024-06-06T17:26:10","modified_gmt":"2024-06-06T15:26:10","slug":"tombe-de-sommeil","status":"publish","type":"page","link":"https:\/\/plusdunevoix.fr\/index.php\/tombe-de-sommeil\/","title":{"rendered":"Tombe de sommeil"},"content":{"rendered":"<p>[vc_row css_animation=\u00a0\u00bb\u00a0\u00bb row_type=\u00a0\u00bbrow\u00a0\u00bb use_row_as_full_screen_section=\u00a0\u00bbno\u00a0\u00bb type=\u00a0\u00bbfull_width\u00a0\u00bb angled_section=\u00a0\u00bbno\u00a0\u00bb text_align=\u00a0\u00bbleft\u00a0\u00bb background_image_as_pattern=\u00a0\u00bbwithout_pattern\u00a0\u00bb][vc_column width=\u00a0\u00bb1\/4&Prime;][qode_elements_holder number_of_columns=\u00a0\u00bbone_column\u00a0\u00bb][qode_elements_holder_item item_padding=\u00a0\u00bb195px 0px 40px\u00a0\u00bb advanced_animations=\u00a0\u00bbno\u00a0\u00bb][vc_single_image image=\u00a0\u00bb879&Prime; img_size=\u00a0\u00bbfull\u00a0\u00bb qode_css_animation=\u00a0\u00bb\u00a0\u00bb][\/qode_elements_holder_item][\/qode_elements_holder][\/vc_column][vc_column width=\u00a0\u00bb3\/4&Prime;][qode_elements_holder number_of_columns=\u00a0\u00bbone_column\u00a0\u00bb][qode_elements_holder_item item_padding=\u00a0\u00bb195px 0px 70px\u00a0\u00bb advanced_animations=\u00a0\u00bbno\u00a0\u00bb][vc_column_text]<\/p>\n<h1>TOMBE DE SOMMEIL<\/h1>\n<p>[\/vc_column_text][vc_empty_space height=\u00a0\u00bb20px\u00a0\u00bb][vc_column_text]<\/p>\n<h2>La philosophie sur sc\u00e8ne<\/h2>\n<p>\u00ab Nuits d\u00e9pouill\u00e9es de leur nuit m\u00eame, extirp\u00e9es de l\u2019obscurit\u00e9 et de l\u2019ombre, jet\u00e9es dans la lumi\u00e8re crue d\u2019un aveuglement nucl\u00e9aire. Sommeils qui ne sont plus que parodies, caricatures de sommeils, t\u00eates maintenues enfonc\u00e9es sous l\u2019eau boueuse mais emp\u00each\u00e9es de se livrer \u00e0 l\u2019abandon des eaux profondes. Comment dormir dans un monde sans berceuse, sans refrain apais\u00e9, sans capacit\u00e9 d\u2019oubli, sans inconscience m\u00eame puisque \u00e9ros et thanatos circulent partout sans vergogne, vigiles sardoniques munis de fouets et de matraques ? Comment dormir dans un monde hypnotis\u00e9 par la vision de sa propre absence de vision du monde autant que par l\u2019inanit\u00e9 de toutes les visions qui se sont dissoutes et qui toujours, d\u2019ailleurs, promettaient des r\u00e9veils, des matins triomphants succ\u00e9dant \u00e0 des grands soirs dans l\u2019incendie desquels la nuit aurait \u00e9t\u00e9 \u00e0 jamais disqualifi\u00e9e ? \u00bb Tombe de Sommeil[\/vc_column_text]<a  itemprop=\"url\" href=\"https:\/\/la-maison-de-la-poesie.lepodcast.fr\/tombe-de-sommeil-de-jean-luc-nancy-avec-helene-lacoste-jean-christophe-marq-et-jean-luc-nancy\" target=\"_self\"  class=\"qbutton  default\" style=\"color: #dd3333; \">Enregistrement Maison de la Po\u00e9sie - Paris<\/a>[\/qode_elements_holder_item][\/qode_elements_holder][\/vc_column][\/vc_row][vc_row css_animation=\u00a0\u00bb\u00a0\u00bb row_type=\u00a0\u00bbrow\u00a0\u00bb use_row_as_full_screen_section=\u00a0\u00bbno\u00a0\u00bb type=\u00a0\u00bbfull_width\u00a0\u00bb angled_section=\u00a0\u00bbno\u00a0\u00bb text_align=\u00a0\u00bbleft\u00a0\u00bb background_image_as_pattern=\u00a0\u00bbwithout_pattern\u00a0\u00bb][vc_column width=\u00a0\u00bb1\/4&Prime;][\/vc_column][vc_column width=\u00a0\u00bb3\/4&Prime;][qode_elements_holder number_of_columns=\u00a0\u00bbone_column\u00a0\u00bb][qode_elements_holder_item item_padding=\u00a0\u00bb0px 0px 40px\u00a0\u00bb advanced_animations=\u00a0\u00bbno\u00a0\u00bb][\/qode_elements_holder_item][\/qode_elements_holder][\/vc_column][\/vc_row][vc_row css_animation=\u00a0\u00bb\u00a0\u00bb row_type=\u00a0\u00bbrow\u00a0\u00bb use_row_as_full_screen_section=\u00a0\u00bbno\u00a0\u00bb type=\u00a0\u00bbfull_width\u00a0\u00bb angled_section=\u00a0\u00bbno\u00a0\u00bb text_align=\u00a0\u00bbleft\u00a0\u00bb background_image_as_pattern=\u00a0\u00bbwithout_pattern\u00a0\u00bb][vc_column width=\u00a0\u00bb1\/4&Prime;][vc_hoverbox image=\u00a0\u00bb437&Prime; primary_title=\u00a0\u00bb\u00a0\u00bb hover_title=\u00a0\u00bbJean-Luc NANCY\u00a0\u00bb shape=\u00a0\u00bbsquare\u00a0\u00bb hover_background_color=\u00a0\u00bbjuicy-pink\u00a0\u00bb]<\/p>\n<h3 style=\"text-align: center;\">Professeur \u00e9m\u00e9rite de philosophie, auteur<\/h3>\n<p>[\/vc_hoverbox]<div class=\"qode-accordion-holder clearfix qode-toggle qode-initial \">\n\t<h4 class=\"clearfix qode-title-holder\">\n<span class=\"qode-tab-title\">\n\t    <span class=\"qode-tab-title-inner\">\n        Jean Luc NANCY    <\/span>\n<\/span>\n<span class=\"qode-accordion-mark\">\n    <span class=\"qode-accordion-mark-icon\">\n        <span class=\"icon_plus\"><\/span>\n        <span class=\"icon_minus-06\"><\/span>\n    <\/span>\n<\/span>\n<\/h4>\n<div  class=\"qode-accordion-content \" >\n    <div class=\"qode-accordion-content-inner\">\n        [vc_column_text]<\/p>\n<h3>Professeur \u00e9m\u00e9rite de philosophie, Universit\u00e9 de Strasbourg.<\/h3>\n<h3><\/h3>\n<p>&nbsp;<\/p>\n<h3>Professeur \u00e0 l\u2019Universit\u00e9 de Californie \u00e0 San Diego en 1985-87. Professeur invit\u00e9 entre 1970 et aujourd\u2019hui dans diverses Universit\u00e9s (Berlin, Berkeley, Irvine, Palerme, Stockholm, Grenade, Madrid, Milan, Amsterdam, etc.)<\/h3>\n<h3><\/h3>\n<p>&nbsp;<\/p>\n<h3>Auteur de nombreux ouvrages, articles et collaborations \u00e0 des ouvrage collectifs ou catalogues d\u2019exposition, commissaire d\u2019expositions, \u00e0 des films ou performances.<\/h3>\n<p>[\/vc_column_text]    <\/div>\n<\/div><\/div>[\/vc_column][vc_column width=\u00a0\u00bb1\/4&Prime;][vc_hoverbox image=\u00a0\u00bb439&Prime; primary_title=\u00a0\u00bb\u00a0\u00bb hover_title=\u00a0\u00bbOria STEENKISTE\u00a0\u00bb shape=\u00a0\u00bbsquare\u00a0\u00bb hover_background_color=\u00a0\u00bbjuicy-pink\u00a0\u00bb]<\/p>\n<h3 style=\"text-align: center;\">Costumi\u00e8re<\/h3>\n<p>[\/vc_hoverbox]<div class=\"qode-accordion-holder clearfix qode-toggle qode-initial \">\n\t<h4 class=\"clearfix qode-title-holder\">\n<span class=\"qode-tab-title\">\n\t    <span class=\"qode-tab-title-inner\">\n        Oria STEENKISTE    <\/span>\n<\/span>\n<span class=\"qode-accordion-mark\">\n    <span class=\"qode-accordion-mark-icon\">\n        <span class=\"icon_plus\"><\/span>\n        <span class=\"icon_minus-06\"><\/span>\n    <\/span>\n<\/span>\n<\/h4>\n<div  class=\"qode-accordion-content \" >\n    <div class=\"qode-accordion-content-inner\">\n        [vc_column_text]<\/p>\n<h3>Elle est actuellement \u00e9l\u00e8ve en sc\u00e9nographie-costume \u00e0 l\u2019\u00e9cole du Th\u00e9\u00e2tre National de Strasbourg, elle a \u00e9tudi\u00e9 \u00e0 Lyon jusqu\u2019en 2013 en BTS de design textile puis en DMA costumier-r\u00e9alisateur.<\/h3>\n<h3><\/h3>\n<p>&nbsp;<\/p>\n<h3>En 2012, elle a travaill\u00e9 en assistanat costume avec Colette Huchard pour Histoire de l\u2019Imposture de la Compagnie Mossoux-Bont\u00e9 et a con\u00e7u les costumes pour le tournage de Sophoclea par Karine Saporta. Plasticienne, elle affectionne la friction des corps \u00e0 la mati\u00e8re sc\u00e9nique pour cr\u00e9er du signifiant et d\u00e9velopper un langage du sensible, sensoriel.<\/h3>\n<p>[\/vc_column_text]    <\/div>\n<\/div><\/div>[\/vc_column][vc_column width=\u00a0\u00bb1\/4&Prime;][vc_hoverbox image=\u00a0\u00bb162&Prime; primary_title=\u00a0\u00bb\u00a0\u00bb hover_title=\u00a0\u00bbH\u00e9l\u00e8ne LACOSTE\u00a0\u00bb shape=\u00a0\u00bbsquare\u00a0\u00bb hover_background_color=\u00a0\u00bbjuicy-pink\u00a0\u00bb]<\/p>\n<h3 style=\"text-align: center;\">Com\u00e9dienne et autrice<\/h3>\n<p>[\/vc_hoverbox]<div class=\"qode-accordion-holder clearfix qode-toggle qode-initial \">\n\t<h4 class=\"clearfix qode-title-holder\">\n<span class=\"qode-tab-title\">\n\t    <span class=\"qode-tab-title-inner\">\n        H\u00e9l\u00e8ne LACOSTE    <\/span>\n<\/span>\n<span class=\"qode-accordion-mark\">\n    <span class=\"qode-accordion-mark-icon\">\n        <span class=\"icon_plus\"><\/span>\n        <span class=\"icon_minus-06\"><\/span>\n    <\/span>\n<\/span>\n<\/h4>\n<div  class=\"qode-accordion-content \" >\n    <div class=\"qode-accordion-content-inner\">\n        [vc_column_text]<\/p>\n<h3>Elle commence sa formation th\u00e9\u00e2trale au conservatoire de Roubaix. \u00c0 partir de 2009, elle se forme \u00e0 l\u2019\u00e9cole du Teatro Della Pioggia en Toscane, dans l\u2019\u00e9cole de Jerzy Grotowski. Elle \u00e9tudie ensuite la m\u00e9thode de l\u2019<em>Actor Studio<\/em> aupr\u00e8s de Michael Kroutov \u00e0 Strasbourg de 2011 \u00e0 2013. Elle s\u2019implique dans de nombreux workshops notamment aupr\u00e8s de Lina Prosa, Dominique Guibbert ou Fred Cacheux.<\/h3>\n<h3><\/h3>\n<p>&nbsp;<\/p>\n<h3>Elle fonde en 2015 la compagnie \u00ab Plus d\u2019une Voix \u00bb en \u00e9cho avec l\u2019expression <em>plus d\u2019une <\/em><em>langue<\/em> de Derrida. En 2016, elle cr\u00e9e le spectacle <em>Tombe de sommeil<\/em> avec le philosophe Jean-Luc Nancy, cr\u00e9\u00e9 \u00e0 la Maison de la Po\u00e9sie \u00e0 Paris et repr\u00e9sent\u00e9 au MAMCS \u00e0 Strasbourg. En 2017 elle cr\u00e9e avec deux danseurs but\u00f4 le spectacle <em>\u00c0 nos ennemis<\/em> \u00e0 partir de textes de Michaux, dont la cr\u00e9ation s\u2019est faite au CEAAC de Strasbourg. En 2017 H\u00e9l\u00e8ne Lacoste est com\u00e9dienne dans le spectacle <em>Ce jour-l\u00e0<\/em>, adaptation d\u2019un texte de Maupassant. En 2018, elle est aussi assistante \u00e0 la mise en sc\u00e8ne aupr\u00e8s de Marion Granjean dans la compagnie les Anges Nus pour la cr\u00e9ation de Q<em>uiprocosmos<\/em>, cr\u00e9\u00e9 au TAPS de Strasbourg en janvier 2019. En janvier 2020, elle sera com\u00e9dienne dans <em>Ph\u00e8dre<\/em>, sous la direction de serge Lipszyc.<\/h3>\n<p>[\/vc_column_text]    <\/div>\n<\/div><\/div>[\/vc_column][vc_column width=\u00a0\u00bb1\/4&Prime;][vc_hoverbox image=\u00a0\u00bb443&Prime; primary_title=\u00a0\u00bb\u00a0\u00bb hover_title=\u00a0\u00bbJean-Christophe MARQ\u00a0\u00bb shape=\u00a0\u00bbsquare\u00a0\u00bb hover_background_color=\u00a0\u00bbjuicy-pink\u00a0\u00bb]<\/p>\n<h3 style=\"text-align: center;\">Violoncelliste<\/h3>\n<p>[\/vc_hoverbox]<div class=\"qode-accordion-holder clearfix qode-toggle qode-initial \">\n\t<h4 class=\"clearfix qode-title-holder\">\n<span class=\"qode-tab-title\">\n\t    <span class=\"qode-tab-title-inner\">\n        Jean-Christophe MARQ    <\/span>\n<\/span>\n<span class=\"qode-accordion-mark\">\n    <span class=\"qode-accordion-mark-icon\">\n        <span class=\"icon_plus\"><\/span>\n        <span class=\"icon_minus-06\"><\/span>\n    <\/span>\n<\/span>\n<\/h4>\n<div  class=\"qode-accordion-content \" >\n    <div class=\"qode-accordion-content-inner\">\n        [vc_column_text]<\/p>\n<h3>Il obtient son premier prix de violoncelle au CNSM de Lyon puis se perfectionne \u00e0 la Juilliard School de New York. Il collabore aujourd\u2019hui avec plusieurs ensembles baroques prestigieux : Il Seminario Musicale (G. Lesne), le Cappricio Stravagante (S. Sempe), la Grande Ecurie et la Chambre du Roy (J.C. Malgoire). Il se produit en formation de chambre avec des artistes tels Pierre et J\u00e9r\u00f4me Hanta\u00ef, S\u00e9bastien Marq, Philippe Couvert\u2026 Il participe par ailleurs \u00e0 de nombreuses cr\u00e9ations contemporaines et enregistrements de Pascal Dusapin,Wolfgang Rihm, Bernard Cavanna, ou Olivier Dejours.<br \/>\nPassionn\u00e9 de danse contemporaine, il collabore r\u00e9guli\u00e8rement avec les chor\u00e9graphes Rachel Mateis, Sylvie Giron, ou Alban Richard.Il est directeur artistique de l\u2019ensemble Galuppi, bas\u00e9e en Picardie.Egalement il fonde en collaboration avec Olivier Dejours et Sylvie Pascal la compagnie musicale Les Folies du temps.<\/h3>\n<p>[\/vc_column_text]    <\/div>\n<\/div><\/div>[\/vc_column][\/vc_row]<\/p>\n","protected":false},"excerpt":{"rendered":"<p>[vc_row css_animation=\u00a0\u00bb\u00a0\u00bb row_type=\u00a0\u00bbrow\u00a0\u00bb use_row_as_full_screen_section=\u00a0\u00bbno\u00a0\u00bb type=\u00a0\u00bbfull_width\u00a0\u00bb angled_section=\u00a0\u00bbno\u00a0\u00bb text_align=\u00a0\u00bbleft\u00a0\u00bb background_image_as_pattern=\u00a0\u00bbwithout_pattern\u00a0\u00bb][vc_column width=\u00a0\u00bb1\/4&Prime;][qode_elements_holder number_of_columns=\u00a0\u00bbone_column\u00a0\u00bb][qode_elements_holder_item item_padding=\u00a0\u00bb195px 0px 40px\u00a0\u00bb advanced_animations=\u00a0\u00bbno\u00a0\u00bb][vc_single_image image=\u00a0\u00bb879&Prime; img_size=\u00a0\u00bbfull\u00a0\u00bb qode_css_animation=\u00a0\u00bb\u00a0\u00bb][\/qode_elements_holder_item][\/qode_elements_holder][\/vc_column][vc_column width=\u00a0\u00bb3\/4&Prime;][qode_elements_holder number_of_columns=\u00a0\u00bbone_column\u00a0\u00bb][qode_elements_holder_item item_padding=\u00a0\u00bb195px 0px 70px\u00a0\u00bb advanced_animations=\u00a0\u00bbno\u00a0\u00bb][vc_column_text] TOMBE DE SOMMEIL [\/vc_column_text][vc_empty_space height=\u00a0\u00bb20px\u00a0\u00bb][vc_column_text] La philosophie sur sc\u00e8ne \u00ab Nuits d\u00e9pouill\u00e9es de leur nuit m\u00eame, extirp\u00e9es de l\u2019obscurit\u00e9 et de l\u2019ombre,&#8230;<\/p>\n","protected":false},"author":1,"featured_media":0,"parent":0,"menu_order":0,"comment_status":"closed","ping_status":"closed","template":"","meta":{"footnotes":""},"_links":{"self":[{"href":"https:\/\/plusdunevoix.fr\/index.php\/wp-json\/wp\/v2\/pages\/258"}],"collection":[{"href":"https:\/\/plusdunevoix.fr\/index.php\/wp-json\/wp\/v2\/pages"}],"about":[{"href":"https:\/\/plusdunevoix.fr\/index.php\/wp-json\/wp\/v2\/types\/page"}],"author":[{"embeddable":true,"href":"https:\/\/plusdunevoix.fr\/index.php\/wp-json\/wp\/v2\/users\/1"}],"replies":[{"embeddable":true,"href":"https:\/\/plusdunevoix.fr\/index.php\/wp-json\/wp\/v2\/comments?post=258"}],"version-history":[{"count":103,"href":"https:\/\/plusdunevoix.fr\/index.php\/wp-json\/wp\/v2\/pages\/258\/revisions"}],"predecessor-version":[{"id":2100,"href":"https:\/\/plusdunevoix.fr\/index.php\/wp-json\/wp\/v2\/pages\/258\/revisions\/2100"}],"wp:attachment":[{"href":"https:\/\/plusdunevoix.fr\/index.php\/wp-json\/wp\/v2\/media?parent=258"}],"curies":[{"name":"wp","href":"https:\/\/api.w.org\/{rel}","templated":true}]}}