{"id":30,"date":"2018-01-11T16:49:31","date_gmt":"2018-01-11T15:49:31","guid":{"rendered":"http:\/\/bridge130.qodeinteractive.com\/?page_id=30"},"modified":"2026-04-08T17:46:32","modified_gmt":"2026-04-08T15:46:32","slug":"contat","status":"publish","type":"page","link":"https:\/\/plusdunevoix.fr\/index.php\/contat\/","title":{"rendered":"CONTACT ET INFOS"},"content":{"rendered":"<p>[vc_row css_animation=\u00a0\u00bb\u00a0\u00bb row_type=\u00a0\u00bbrow\u00a0\u00bb use_row_as_full_screen_section=\u00a0\u00bbno\u00a0\u00bb type=\u00a0\u00bbfull_width\u00a0\u00bb angled_section=\u00a0\u00bbno\u00a0\u00bb text_align=\u00a0\u00bbleft\u00a0\u00bb background_image_as_pattern=\u00a0\u00bbwithout_pattern\u00a0\u00bb css=\u00a0\u00bb.vc_custom_1588264855700{padding-top: 195px !important;}\u00a0\u00bb z_index=\u00a0\u00bb\u00a0\u00bb][vc_column width=\u00a0\u00bb1\/2&Prime;][vc_column_text]<\/p>\n<h2 style=\"text-align: left;\">H\u00e9l\u00e8ne LACOSTE<\/h3>\n<h3 style=\"text-align: left;\">RESPONSABLE ARTISTIQUE<\/h3>\n<h3 style=\"text-align: left;\">helene[@]plusdunevoix.fr<\/h3>\n<h3 style=\"text-align: left;\">06.28.65.77.82<\/h3>\n<p>[\/vc_column_text][vc_column_text]<\/p>\n<h2 style=\"text-align: left;\">St\u00e9phanie L\u00e9picier<\/h3>\n<h3 style=\"text-align: left;\">AZAD PRODUCTION &#8211; CONSEIL EN D\u00c9VELOPPEMENT <a href=\"http:\/\/www.azadproduction.com\/tag\/equipe\/\">infos<\/a><\/h3>\n<h3 style=\"text-align: left;\">s.lepicier[@]azadproduction.com<\/h3>\n<h2 style=\"text-align: left;\"><\/h2>\n<p>&nbsp;<\/p>\n<p>&nbsp;<\/p>\n<h3 style=\"text-align: left;\"><\/h3>\n<h2 style=\"text-align: left;\">COTE ZEN<\/h2>\n<h3 style=\"text-align: left;\">GESTION COMPTABLE<\/h3>\n<h3 style=\"text-align: left;\">nathalie[@]cotezen.org<\/h3>\n<h3 style=\"text-align: left;\"><\/h3>\n<h2 style=\"text-align: left;\"><\/h2>\n<p>&nbsp;<\/p>\n<p>&nbsp;<\/p>\n<h3 style=\"text-align: left;\"><\/h3>\n<p>[\/vc_column_text][vc_column_text]<\/p>\n<h3 style=\"text-align: left;\">SIRET : 809 716 889 00039<\/h3>\n<h3>CODE APE: <strong>90.01Z<\/strong><\/h3>\n<p>&nbsp;<\/p>\n<h3>Licence 2 PLATESV-R-2021-010080<br \/>\nLicence 3 PLATESV-R-2022-008291<\/h3>\n<p>[\/vc_column_text][vc_empty_space][vc_column_text][\/vc_column_text][\/vc_column][vc_column width=\u00a0\u00bb1\/2&Prime;][vc_column_text]<\/p>\n<h2>Adresse<\/h2>\n<h3>Compagnie Plus d&rsquo;une voix<\/p>\n<h3>L&rsquo;atelier du Faubourg<\/h3>\n<h3>6 rue du Faubourg National<\/h3>\n<h3>67000 Strasbourg<\/h3>\n<h3>&nbsp;<\/h3>\n<p>&nbsp;<\/p>\n<h2>Membres du bureau<\/h2>\n<h3>Pr\u00e9sidente : Anne-Marie Bentz<\/h3>\n<h3>Secr\u00e9taire : Nathalie B\u00e8gue<\/h3>\n<h3>Tr\u00e9sori\u00e8re : Elsa Bock<\/h3>\n<p>[\/vc_column_text][\/vc_column][\/vc_row][vc_row css_animation=\u00a0\u00bb\u00a0\u00bb row_type=\u00a0\u00bbrow\u00a0\u00bb use_row_as_full_screen_section=\u00a0\u00bbno\u00a0\u00bb type=\u00a0\u00bbfull_width\u00a0\u00bb angled_section=\u00a0\u00bbno\u00a0\u00bb text_align=\u00a0\u00bbleft\u00a0\u00bb background_image_as_pattern=\u00a0\u00bbwithout_pattern\u00a0\u00bb][vc_column]<div class=\"wpforms-container wpforms-container-full wpforms-render-modern\" id=\"wpforms-1946\"><form id=\"wpforms-form-1946\" class=\"wpforms-validate wpforms-form wpforms-ajax-form\" data-formid=\"1946\" method=\"post\" enctype=\"multipart\/form-data\" action=\"\/index.php\/wp-json\/wp\/v2\/pages\/30\" data-token=\"78f9c946d3180b5a8ed39f36da68e37b\" data-token-time=\"1776568713\"><noscript class=\"wpforms-error-noscript\">Veuillez activer JavaScript dans votre navigateur pour remplir ce formulaire.<\/noscript><div class=\"wpforms-hidden\" id=\"wpforms-error-noscript\">Veuillez activer JavaScript dans votre navigateur pour remplir ce formulaire.<\/div><div class=\"wpforms-field-container\"><div id=\"wpforms-1946-field_0-container\" class=\"wpforms-field wpforms-field-name\" data-field-id=\"0\"><fieldset><legend class=\"wpforms-field-label\">Nom <span class=\"wpforms-required-label\" aria-hidden=\"true\">*<\/span><\/legend><div class=\"wpforms-field-row wpforms-field-medium\"><div class=\"wpforms-field-row-block wpforms-first wpforms-one-half\"><input type=\"text\" id=\"wpforms-1946-field_0\" class=\"wpforms-field-name-first wpforms-field-required\" name=\"wpforms[fields][0][first]\" aria-errormessage=\"wpforms-1946-field_0-error\" required><label for=\"wpforms-1946-field_0\" class=\"wpforms-field-sublabel after \">Pr\u00e9nom<\/label><\/div><div class=\"wpforms-field-row-block wpforms-one-half\"><input type=\"text\" id=\"wpforms-1946-field_0-last\" class=\"wpforms-field-name-last wpforms-field-required\" name=\"wpforms[fields][0][last]\" aria-errormessage=\"wpforms-1946-field_0-last-error\" required><label for=\"wpforms-1946-field_0-last\" class=\"wpforms-field-sublabel after \">Nom<\/label><\/div><\/div><\/fieldset><\/div><div id=\"wpforms-1946-field_1-container\" class=\"wpforms-field wpforms-field-email\" data-field-id=\"1\"><label class=\"wpforms-field-label\" for=\"wpforms-1946-field_1\">E-mail <span class=\"wpforms-required-label\" aria-hidden=\"true\">*<\/span><\/label><input type=\"email\" id=\"wpforms-1946-field_1\" class=\"wpforms-field-medium wpforms-field-required\" name=\"wpforms[fields][1]\" spellcheck=\"false\" aria-errormessage=\"wpforms-1946-field_1-error\" required><\/div><\/div><!-- .wpforms-field-container --><div class=\"wpforms-submit-container\" ><input type=\"hidden\" name=\"wpforms[id]\" value=\"1946\"><input type=\"hidden\" name=\"page_title\" value=\"\"><input type=\"hidden\" name=\"page_url\" value=\"https:\/\/plusdunevoix.fr\/index.php\/wp-json\/wp\/v2\/pages\/30\"><button type=\"submit\" name=\"wpforms[submit]\" id=\"wpforms-submit-1946\" class=\"wpforms-submit\" data-alt-text=\"Envoi...\" data-submit-text=\"Envoyer\" aria-live=\"assertive\" value=\"wpforms-submit\">Envoyer<\/button><img loading=\"lazy\" decoding=\"async\" src=\"https:\/\/plusdunevoix.fr\/wp-content\/plugins\/wpforms-lite\/assets\/images\/submit-spin.svg\" class=\"wpforms-submit-spinner\" style=\"display: none;\" width=\"26\" height=\"26\" alt=\"Chargement en cours\"><\/div><\/form><\/div>  <!-- .wpforms-container -->[\/vc_column][\/vc_row]<\/p>\n","protected":false},"excerpt":{"rendered":"<p>[vc_row css_animation=\u00a0\u00bb\u00a0\u00bb row_type=\u00a0\u00bbrow\u00a0\u00bb use_row_as_full_screen_section=\u00a0\u00bbno\u00a0\u00bb type=\u00a0\u00bbfull_width\u00a0\u00bb angled_section=\u00a0\u00bbno\u00a0\u00bb text_align=\u00a0\u00bbleft\u00a0\u00bb background_image_as_pattern=\u00a0\u00bbwithout_pattern\u00a0\u00bb css=\u00a0\u00bb.vc_custom_1588264855700{padding-top: 195px !important;}\u00a0\u00bb z_index=\u00a0\u00bb\u00a0\u00bb][vc_column width=\u00a0\u00bb1\/2&Prime;][vc_column_text] H\u00e9l\u00e8ne LACOSTE RESPONSABLE ARTISTIQUE helene[@]plusdunevoix.fr 06.28.65.77.82 [\/vc_column_text][vc_column_text] St\u00e9phanie L\u00e9picier AZAD PRODUCTION &#8211; CONSEIL EN D\u00c9VELOPPEMENT infos s.lepicier[@]azadproduction.com &nbsp; &nbsp; COTE ZEN GESTION COMPTABLE nathalie[@]cotezen.org &nbsp; &nbsp; [\/vc_column_text][vc_column_text] SIRET : 809 716 889&#8230;<\/p>\n","protected":false},"author":1,"featured_media":0,"parent":0,"menu_order":6,"comment_status":"closed","ping_status":"closed","template":"","meta":{"footnotes":""},"_links":{"self":[{"href":"https:\/\/plusdunevoix.fr\/index.php\/wp-json\/wp\/v2\/pages\/30"}],"collection":[{"href":"https:\/\/plusdunevoix.fr\/index.php\/wp-json\/wp\/v2\/pages"}],"about":[{"href":"https:\/\/plusdunevoix.fr\/index.php\/wp-json\/wp\/v2\/types\/page"}],"author":[{"embeddable":true,"href":"https:\/\/plusdunevoix.fr\/index.php\/wp-json\/wp\/v2\/users\/1"}],"replies":[{"embeddable":true,"href":"https:\/\/plusdunevoix.fr\/index.php\/wp-json\/wp\/v2\/comments?post=30"}],"version-history":[{"count":77,"href":"https:\/\/plusdunevoix.fr\/index.php\/wp-json\/wp\/v2\/pages\/30\/revisions"}],"predecessor-version":[{"id":2462,"href":"https:\/\/plusdunevoix.fr\/index.php\/wp-json\/wp\/v2\/pages\/30\/revisions\/2462"}],"wp:attachment":[{"href":"https:\/\/plusdunevoix.fr\/index.php\/wp-json\/wp\/v2\/media?parent=30"}],"curies":[{"name":"wp","href":"https:\/\/api.w.org\/{rel}","templated":true}]}}