{"id":5,"date":"2018-01-11T13:37:56","date_gmt":"2018-01-11T12:37:56","guid":{"rendered":"http:\/\/bridge130.qodeinteractive.com\/?page_id=5"},"modified":"2025-12-09T17:50:56","modified_gmt":"2025-12-09T16:50:56","slug":"lequipe","status":"publish","type":"page","link":"https:\/\/plusdunevoix.fr\/index.php\/lequipe\/","title":{"rendered":"LA CIE PLUS D&rsquo;UNE VOIX"},"content":{"rendered":"<p>[vc_row css_animation=\u00a0\u00bb\u00a0\u00bb row_type=\u00a0\u00bbrow\u00a0\u00bb use_row_as_full_screen_section=\u00a0\u00bbno\u00a0\u00bb type=\u00a0\u00bbfull_width\u00a0\u00bb angled_section=\u00a0\u00bbno\u00a0\u00bb text_align=\u00a0\u00bbleft\u00a0\u00bb background_image_as_pattern=\u00a0\u00bbwithout_pattern\u00a0\u00bb][vc_column][vc_empty_space][vc_empty_space][vc_empty_space][vc_column_text]<\/p>\n<h2>LA COMPAGNIE PLUS D&rsquo;UNE VOIX<\/h2>\n<p>[\/vc_column_text][vc_column_text]<\/p>\n<p>\nLa compagnie Plus d\u2019une voix est n\u00e9e d\u2019une envie litt\u00e9raire. C\u2019est d\u2019abord ce d\u00e9sir, de faire entendre une langue, une pens\u00e9e, qui nous a men\u00e9 au th\u00e9\u00e2tre. La sc\u00e8ne est un lieu fabuleux o\u00f9 vivre un livre \u00e0 plusieurs. Cette aventure permet de passer de la voix de l\u2019auteur, de l\u2019autrice \u00e0 celui de l\u2019acteur ou de l\u2019actrice. Tout a commenc\u00e9 avec Jean-Luc Nancy, un philosophe au c\u0153ur vibrant de po\u00e8te. Aujourd\u2019hui, nous poursuivons avec la voix de Le\u00efla Slimani, dont la passion affleure sous la ma\u00eetrise. Pour chacun, la fi\u00e8vre du mot juste, comme une exigence impossible et pourtant absolument enivrante.  Puisque, pour le dire avec Leonard Cohen, \u00ab Tout ce dont les humains ont besoin c&rsquo;est d&rsquo;un tout petit quelque chose en commun pour avoir l&rsquo;opportunit\u00e9 de se saluer amicalement les uns les autres. \u00bb<\/p>\n<p>[\/vc_column_text][\/vc_column][vc_column css=\u00a0\u00bb.vc_custom_1555585187290{padding-top: 195px !important;padding-bottom: 40px !important;}\u00a0\u00bb][vc_column_text]<\/p>\n<h2>LES ARTISTES<\/h2>\n<p>[\/vc_column_text][\/vc_column][\/vc_row][vc_row css_animation=\u00a0\u00bb\u00a0\u00bb row_type=\u00a0\u00bbrow\u00a0\u00bb use_row_as_full_screen_section=\u00a0\u00bbno\u00a0\u00bb type=\u00a0\u00bbfull_width\u00a0\u00bb angled_section=\u00a0\u00bbno\u00a0\u00bb text_align=\u00a0\u00bbleft\u00a0\u00bb background_image_as_pattern=\u00a0\u00bbwithout_pattern\u00a0\u00bb z_index=\u00a0\u00bb\u00a0\u00bb][vc_column width=\u00a0\u00bb1\/3&Prime;][vc_single_image image=\u00a0\u00bb1965&Prime; img_size=\u00a0\u00bbfull\u00a0\u00bb qode_css_animation=\u00a0\u00bb\u00a0\u00bb]<div class=\"qode-accordion-holder clearfix qode-toggle qode-initial \">\n\t<h4 class=\"clearfix qode-title-holder\">\n<span class=\"qode-tab-title\">\n\t    <span class=\"qode-tab-title-inner\">\n        H\u00e9l\u00e8ne LACOSTE    <\/span>\n<\/span>\n<span class=\"qode-accordion-mark\">\n    <span class=\"qode-accordion-mark-icon\">\n        <span class=\"icon_plus\"><\/span>\n        <span class=\"icon_minus-06\"><\/span>\n    <\/span>\n<\/span>\n<\/h4>\n<div  class=\"qode-accordion-content \" >\n    <div class=\"qode-accordion-content-inner\">\n        [vc_column_text]<\/p>\n<h2>COM\u00c9DIENNE ET AUTRICE<\/h2>\n<p>H\u00e9l\u00e8ne Lacoste est com\u00e9dienne et autrice. Apr\u00e8s le conservatoire, elle \u00e9tudie au th\u00e9\u00e2tre de la Pioggia \u00e0 Sienne, o\u00f9 elle est marqu\u00e9e par la m\u00e9thode de Grotowski qui vise \u00e0 retrouver l\u2019essence de la sc\u00e8ne. Elle en garde l\u2019attention pour l\u2019acteur, pour un th\u00e9\u00e2tre sans artifice (www.teatrodellapioggia.org). Dipl\u00f4m\u00e9e d\u2019un master de Lettres Modernes, elle d\u00e9couvre la m\u00e9thode de l\u2019actor Studio avec Michael Kroutov \u00e0 Strasbourg. Elle cr\u00e9e en 2015 la compagnie Plus d\u2019une voix, en hommage \u00e0 ces nombreuses vies qui nous habitent. En 2016 elle monte avec Jean-Luc Nancy \u00ab\u00a0Tombe de sommeil\u00a0\u00bb \u00e0 la Maison de la Po\u00e9sie de Paris. En 2018, elle commence \u00e0 travailler avec Serge Lipszyc avec qui met en sc\u00e8ne \u00ab\u00a0Ph\u00e8dre\u00a0\u00bb et \u00ab\u00a0A mon chien rouge\u00a0\u00bb pour sa compagnie. Depuis 2015, elle a port\u00e9 cinq cr\u00e9ations dont deux \u00e9crites de sa main. Elle est publi\u00e9e en 2021 pour <a href=\"https:\/\/www.laboutiquedetarabuste.com\/triages-revue.m\/s443934p\/2021-vol-I-Anthologie-TRIAGES\">\u00ab\u00a0A mon chien rouge\u00a0\u00bb<\/a><\/p>\n<p>aux \u00e9ditions Tarabuste. Depuis 2023, elle participe r\u00e9guli\u00e8rement aux Kapouchniks du th\u00e9\u00e2tre de l&rsquo;Unit\u00e9, dirig\u00e9 par Jacques Livchine et Herv\u00e9e de Lafond (www.theatredelunite.com). En 2024, elle poursuit sa formation \u00e0 l&rsquo;\u00e9criture chez Gallimard aupr\u00e8s de Jean-Marie Laclavatine . Depuis 2012, elle donne des ateliers jeu et \u00e9criture en coll\u00e8ge, lyc\u00e9e, \u00e0 l\u2019universit\u00e9 ainsi que pour des personnes r\u00e9fugi\u00e9es. Ses projets sont soutenus par la Drac, la r\u00e9gion Grand Est, la CeA et la ville de Strasbourg.<\/p>\n<p>[\/vc_column_text]    <\/div>\n<\/div><\/div>[vc_empty_space height=\u00a0\u00bb40px\u00a0\u00bb][vc_single_image image=\u00a0\u00bb169&Prime; img_size=\u00a0\u00bbfull\u00a0\u00bb qode_css_animation=\u00a0\u00bb\u00a0\u00bb]<div class=\"qode-accordion-holder clearfix qode-toggle qode-initial \">\n\t<h4 class=\"clearfix qode-title-holder\">\n<span class=\"qode-tab-title\">\n\t    <span class=\"qode-tab-title-inner\">\n        Thomas GUTEHRL\u00c9    <\/span>\n<\/span>\n<span class=\"qode-accordion-mark\">\n    <span class=\"qode-accordion-mark-icon\">\n        <span class=\"icon_plus\"><\/span>\n        <span class=\"icon_minus-06\"><\/span>\n    <\/span>\n<\/span>\n<\/h4>\n<div  class=\"qode-accordion-content \" >\n    <div class=\"qode-accordion-content-inner\">\n        [vc_column_text]<\/p>\n<h2>MUSICIEN<\/h2>\n<h2>ET COMPOSITEUR<\/h2>\n<p>Thomas Gutehrl\u00e9 est guitariste. Musicien et compositeur autodidacte toujours attir\u00e9 par le m\u00e9lange des genres, son parcours l\u2019a amen\u00e9 \u00e0 aborder aussi bien la musique traditionnelle et populaire anglosaxonne, le rock, le jazz, l\u2019improvisation libre, la musique arabe et iranienne. Sa pratique de la guitare acoustique, \u00e9lectrique, de la basse et du guembri (instrument traditionnel des confr\u00e9ries gnawa) lui conf\u00e8rent une grande capacit\u00e9 de cr\u00e9ation et d\u2019adaptation.<\/p>\n<p>&nbsp;<\/p>\n<p>Thomas se produit avec les groupes <em>Espersan<\/em>, <em>Contremeute<\/em>, <em>La Solive<\/em>, compose pour des courts-m\u00e9trages et a r\u00e9guli\u00e8rement collabor\u00e9 avec l\u2019artiste H\u00e9l\u00e8ne Lacoste sur des projets m\u00ealant musique et th\u00e9\u00e2tre. Il est form\u00e9 \u00e0 la musicoth\u00e9rapie \u00e0 l\u2019AMB de Dijon.<\/p>\n<p>[\/vc_column_text]    <\/div>\n<\/div><\/div>[vc_empty_space height=\u00a0\u00bb40px\u00a0\u00bb][vc_empty_space height=\u00a0\u00bb40px\u00a0\u00bb][vc_empty_space height=\u00a0\u00bb40px\u00a0\u00bb][\/vc_column][vc_column width=\u00a0\u00bb1\/3&Prime;][vc_single_image image=\u00a0\u00bb1430&Prime; img_size=\u00a0\u00bbfull\u00a0\u00bb qode_css_animation=\u00a0\u00bb\u00a0\u00bb]<div class=\"qode-accordion-holder clearfix qode-toggle qode-initial \">\n\t<h4 class=\"clearfix qode-title-holder\">\n<span class=\"qode-tab-title\">\n\t    <span class=\"qode-tab-title-inner\">\n        Fiona CHAUDON    <\/span>\n<\/span>\n<span class=\"qode-accordion-mark\">\n    <span class=\"qode-accordion-mark-icon\">\n        <span class=\"icon_plus\"><\/span>\n        <span class=\"icon_minus-06\"><\/span>\n    <\/span>\n<\/span>\n<\/h4>\n<div  class=\"qode-accordion-content \" >\n    <div class=\"qode-accordion-content-inner\">\n        [vc_column_text]<\/p>\n<h2>COM\u00c9DIENNE<\/h2>\n<h2>ET CHANTEUSE<\/h2>\n<p><span style=\"font-family: Arial, sans-serif;\"><span style=\"font-size: small;\">Fiona Chaudon est com\u00e9dienne et chanteuse, apr\u00e8s sa Ma\u00eetrise en Histoire de l\u2019Art en 2004, Fiona se rend \u00e0 Bruxelles pour se former en th\u00e9\u00e2tre et en mise en sc\u00e8ne \u00e0 l\u2019Ecole Internationale de Th\u00e9\u00e2tre Lassaad (p\u00e9dagogie Jacques Lecoq).<\/span><\/span><\/p>\n<p><span style=\"font-family: Arial, sans-serif;\"><span style=\"font-size: small;\">En 2011, elle se glisse dans la com\u00e9die lyrique et burlesque\u00a0<i>Divas<\/i>\u00a0de la compagnie Vocalise Trio avec laquelle elle s\u2019est produite \u00e0 l\u2019Op\u00e9ra National du Rhin dans le cadre des ap\u00e9ro-concerts. Sur ce m\u00eame concept de spectacle humour et op\u00e9ra, Fiona cr\u00e9e <i>Le R\u00e9cital<\/i> (2014) avec la Cie Sorella (68) et <i>La Tourn\u00e9e<\/i> (2018), mis en sc\u00e8ne par Etienne Bayart. En 2012, elle joue dans <i>Cabaret-loup<\/i>, mis en sc\u00e8ne par Ofer Sagie, avec qui elle fonde quelques mois plus tard la compagnie th\u00e9\u00e2trale ARYA. La compagnie cr\u00e9e et diffuse en Alsace les spectacles <i>Le Dilemme du Diable <\/i>(2013), et <i>Effiloch\u00e9es<\/i> (2014 et 2015).<\/span><\/span><\/p>\n<p><a name=\"__DdeLink__75_2017049766\"><\/a> <span style=\"font-family: Arial, sans-serif;\"><span style=\"font-size: small;\">Parall\u00e8lement, Fiona s&rsquo;int\u00e9resse aux spectacles jeunes publics\u00a0: elle cr\u00e9\u00e9 <i>Au fil des cailloux <\/i>(Cie ARYA 68), <i>Jeanne de Songe<\/i> (Cie Juste-bien Plac\u00e9e 67) et <i>Roule galette<\/i> et <i>Konta et l\u2019oiseau de pluie<\/i> (Cie Cri Crak 68). <\/span><\/span><\/p>\n<p><span style=\"font-family: Arial, sans-serif;\"><span style=\"font-size: small;\">A partir de 2017, Fiona travaille au sein de la Cie Plus d\u2019Une Voix (Strasbourg) sur la cr\u00e9ation du spectacle <i>Rien ne meurt<\/i> (H\u00e9l\u00e8ne Lacoste), du spectacle <i>Ce jour-l\u00e0<\/i>, adaptation du conte de Maupassant \u00ab\u00a0Le papa de Simon\u00a0\u00bb et elle joue <i>Ph\u00e8dre<\/i> de S\u00e9n\u00e8que avec Serge Lipszyc et H\u00e9l\u00e8ne lacoste (2020). <\/span><\/span><\/p>\n<p><span style=\"font-family: Arial, sans-serif;\"><span style=\"font-size: small;\">Fiona Chaudon participe r\u00e9guli\u00e8rement \u00e0 des stages de voix selon la p\u00e9dagogie du Roy Hart Th\u00e9\u00e2tre \u00e0 travers lesquels elle d\u00e9couvre de nouvelles possibilit\u00e9s d&rsquo;expression vocale \u00e0 partir de l\u2019improvisation. Ces recherches autour de la voix et du corps ont donn\u00e9 naissance au spectacle solo <i>P\u00e9rip\u00e9ties d\u2019une cage, <\/i>sur le th\u00e8me de l\u2019enfermement (cr\u00e9ation mars 2021).<\/span><\/span>[\/vc_column_text]    <\/div>\n<\/div><\/div>[vc_empty_space height=\u00a0\u00bb40px\u00a0\u00bb][vc_empty_space height=\u00a0\u00bb40px\u00a0\u00bb][vc_single_image image=\u00a0\u00bb1407&Prime; img_size=\u00a0\u00bblarge\u00a0\u00bb qode_css_animation=\u00a0\u00bb\u00a0\u00bb]<div class=\"qode-accordion-holder clearfix qode-toggle qode-initial \">\n\t<h4 class=\"clearfix qode-title-holder\">\n<span class=\"qode-tab-title\">\n\t    <span class=\"qode-tab-title-inner\">\n        Geoffrey GOUDEAU    <\/span>\n<\/span>\n<span class=\"qode-accordion-mark\">\n    <span class=\"qode-accordion-mark-icon\">\n        <span class=\"icon_plus\"><\/span>\n        <span class=\"icon_minus-06\"><\/span>\n    <\/span>\n<\/span>\n<\/h4>\n<div  class=\"qode-accordion-content \" >\n    <div class=\"qode-accordion-content-inner\">\n        [vc_column_text]<\/p>\n<div id=\"ui-id-6\" class=\"qode-accordion-content ui-accordion-content ui-helper-reset ui-widget-content ui-corner-bottom ui-accordion-content-active\" role=\"tabpanel\" aria-labelledby=\"ui-id-5\" aria-hidden=\"false\">\n<div class=\"qode-accordion-content-inner\">\n<div class=\"wpb_text_column wpb_content_element \">\n<div class=\"wpb_wrapper\">\n<h3>COM\u00c9DIEN<\/h3>\n<p>Geoffrey Goudeau est com\u00e9dien. Artiste pluridisciplinaire, il commence sa formation th\u00e9\u00e2tral en 2011 et obtient un D.E.T. en 2015 au Conservatoire de Strasbourg. D\u00e8s lors il se lance dans le m\u00e9tier au travers d\u2019un th\u00e9\u00e2tre aussi classique que contemporain. Il cr\u00e9er en 2013 la compagnie Traumer avec laquelle il fait ses premi\u00e8res mises en sc\u00e8nes avec des auteurs comme Lars Noren ou Edward Bond.<br \/>\nActuellement sur Strasbourg, il tourne\u00a0 avec la compagnie Matamore avec Serge Lipszyc autour de Tchekhov et Shakespeare et avec la compagnie coup de chien autour de Jennifer Haley.<\/div>\n<\/div>\n<\/div>\n<\/div>\n<p>[\/vc_column_text]    <\/div>\n<\/div><\/div>[vc_empty_space height=\u00a0\u00bb40px\u00a0\u00bb][vc_empty_space height=\u00a0\u00bb40px\u00a0\u00bb][\/vc_column][vc_column width=\u00a0\u00bb1\/3&Prime;][vc_single_image image=\u00a0\u00bb1846&Prime; img_size=\u00a0\u00bbfull\u00a0\u00bb qode_css_animation=\u00a0\u00bb\u00a0\u00bb]<div class=\"qode-accordion-holder clearfix qode-toggle qode-initial \">\n\t<h4 class=\"clearfix qode-title-holder\">\n<span class=\"qode-tab-title\">\n\t    <span class=\"qode-tab-title-inner\">\n        Tom FREUDENREICH    <\/span>\n<\/span>\n<span class=\"qode-accordion-mark\">\n    <span class=\"qode-accordion-mark-icon\">\n        <span class=\"icon_plus\"><\/span>\n        <span class=\"icon_minus-06\"><\/span>\n    <\/span>\n<\/span>\n<\/h4>\n<div  class=\"qode-accordion-content \" >\n    <div class=\"qode-accordion-content-inner\">\n        [vc_column_text]<\/p>\n<h2>MUSICIEN<\/h2>\n<p>Tom Freudenreich joue du violon, du banjo et de la mandoline. Essentiellement autodidacte, c\u2019est au cours de nombreuses rencontres avec les milieux des musiques et danses folks et traditionnelles qu\u2019il a appris ces instruments. Il s\u2019initie tout d\u2019abord aux m\u00e9lodies \u00e0 danser des bals folks, aux airs bretons, alsaciens, poitevins et morvandiaux, puis se concentre davantage sur les r\u00e9pertoires irlandais, qu\u00e9b\u00e9cois et scandinaves. Tom a fait des tourn\u00e9es avec les Jeunesses musicales de France avec le groupe A Spurious Tale. Il s\u2019est int\u00e9ress\u00e9 aux r\u00e9pertoires d\u2019Alsace \u00e0 travers W\u00e0ldte\u00effel. Il m\u00e8ne des ateliers de musiques traditionnelles pour des associations locales, mais \u00e9galement des \u00e9coles de musique et des conservatoires. Aujourd\u2019hui, il joue sa musique avec plusieurs groupes, tels que Codario, The Houx, La Solive, La Clairi\u00e8re et Pas vu pas pris, et compose et joue pour la compagnie de th\u00e9\u00e2tre Plus d\u2019une voix..<\/p>\n<p>[\/vc_column_text]    <\/div>\n<\/div><\/div>[vc_empty_space height=\u00a0\u00bb40px\u00a0\u00bb][vc_empty_space height=\u00a0\u00bb40px\u00a0\u00bb][vc_empty_space][vc_single_image image=\u00a0\u00bb1447&Prime; img_size=\u00a0\u00bblarge\u00a0\u00bb qode_css_animation=\u00a0\u00bb\u00a0\u00bb]<div class=\"qode-accordion-holder clearfix qode-toggle qode-initial \">\n\t<h4 class=\"clearfix qode-title-holder\">\n<span class=\"qode-tab-title\">\n\t    <span class=\"qode-tab-title-inner\">\n        Dominique KLEIN    <\/span>\n<\/span>\n<span class=\"qode-accordion-mark\">\n    <span class=\"qode-accordion-mark-icon\">\n        <span class=\"icon_plus\"><\/span>\n        <span class=\"icon_minus-06\"><\/span>\n    <\/span>\n<\/span>\n<\/h4>\n<div  class=\"qode-accordion-content \" >\n    <div class=\"qode-accordion-content-inner\">\n        [vc_column_text]<\/p>\n<h2>CREATEUR LUMIERE<\/h2>\n<p class=\"western\" align=\"justify\"><span style=\"font-size: small;\">Dominique Klein est cr\u00e9ateur Lumi\u00e8res. Il a travaill\u00e9 comme r\u00e9gisseur g\u00e9n\u00e9ral, son, lumi\u00e8re ou plateau<\/span><span style=\"font-size: small;\"> pour\u00a0 <\/span><span style=\"font-size: small;\">le TNS, le TJP, le Festival MUSICA, l\u2019Atelier Lyrique du Rhin (Colmar), P\u00f4le Sud, le Maillon, Flash Marionnettes, le clown Smoll, le Th\u00e9\u00e2tre du March\u00e9 aux Grains, le Colima\u00e7on, l\u2019ARDAM, l&rsquo;ATSEC, le CIJA, Articulations Th\u00e9\u00e2tre, Article 10 Theater Company, l\u2019association Wayal, Th\u00e9\u00e2tre Lumi\u00e8re, Le CSC du Neufeld, le Th\u00e9\u00e2tre Pablo Neruda de Corbeil-Essonnes, les TAPS, les Percussions de Strasbourg, l&rsquo;Argentoratum Circus, Contre-Jour, l\u2019ensemble Lin\u00e9a, la cie Porte Bleue, D\u00e9clics et des claps, Videlio&#8230; Il a travaill\u00e9 pour de nombreuses compagnies du Grand ESt.<br \/>\n<\/span><\/p>\n<p>[\/vc_column_text]    <\/div>\n<\/div><\/div>[\/vc_column][\/vc_row][vc_row css_animation=\u00a0\u00bb\u00a0\u00bb row_type=\u00a0\u00bbrow\u00a0\u00bb use_row_as_full_screen_section=\u00a0\u00bbno\u00a0\u00bb type=\u00a0\u00bbfull_width\u00a0\u00bb angled_section=\u00a0\u00bbno\u00a0\u00bb text_align=\u00a0\u00bbleft\u00a0\u00bb background_image_as_pattern=\u00a0\u00bbwithout_pattern\u00a0\u00bb][vc_column css=\u00a0\u00bb.vc_custom_1555586191958{padding-top: 40px !important;}\u00a0\u00bb][qode_elements_holder number_of_columns=\u00a0\u00bbone_column\u00a0\u00bb][qode_elements_holder_item item_padding=\u00a0\u00bb40px 0px 20px\u00a0\u00bb advanced_animations=\u00a0\u00bbno\u00a0\u00bb][vc_column_text]<\/p>\n<h2>\u00c9QUIPE ADMINISTRATIVE<\/h2>\n<p>[\/vc_column_text][\/qode_elements_holder_item][\/qode_elements_holder][\/vc_column][\/vc_row][vc_row css_animation=\u00a0\u00bb\u00a0\u00bb row_type=\u00a0\u00bbrow\u00a0\u00bb use_row_as_full_screen_section=\u00a0\u00bbno\u00a0\u00bb type=\u00a0\u00bbfull_width\u00a0\u00bb angled_section=\u00a0\u00bbno\u00a0\u00bb text_align=\u00a0\u00bbleft\u00a0\u00bb background_image_as_pattern=\u00a0\u00bbwithout_pattern\u00a0\u00bb][vc_column width=\u00a0\u00bb1\/3&Prime;][vc_single_image image=\u00a0\u00bb1831&Prime; img_size=\u00a0\u00bbfull\u00a0\u00bb qode_css_animation=\u00a0\u00bb\u00a0\u00bb]<div class=\"qode-accordion-holder clearfix qode-toggle qode-initial \">\n\t<h4 class=\"clearfix qode-title-holder\">\n<span class=\"qode-tab-title\">\n\t    <span class=\"qode-tab-title-inner\">\n        St\u00e9phanie LEPICIER- AZAD PRODUCTION    <\/span>\n<\/span>\n<span class=\"qode-accordion-mark\">\n    <span class=\"qode-accordion-mark-icon\">\n        <span class=\"icon_plus\"><\/span>\n        <span class=\"icon_minus-06\"><\/span>\n    <\/span>\n<\/span>\n<\/h4>\n<div  class=\"qode-accordion-content \" >\n    <div class=\"qode-accordion-content-inner\">\n        [vc_column_text]<\/p>\n<h2>CONSEIL EN DEVELOPPEMENT &#8211; STEPHANIE LEPICIER<\/h2>\n<p>10 rue du Hohwald 67000 Strasbourg<br \/>\ns.lepicier@azadproduction.com<br \/>\n[\/vc_column_text]    <\/div>\n<\/div><\/div>[vc_empty_space height=\u00a0\u00bb40px\u00a0\u00bb][\/vc_column][vc_column width=\u00a0\u00bb1\/3&Prime;][vc_single_image image=\u00a0\u00bb159&Prime; img_size=\u00a0\u00bbfull\u00a0\u00bb qode_css_animation=\u00a0\u00bb\u00a0\u00bb]<div class=\"qode-accordion-holder clearfix qode-toggle qode-initial \">\n\t<h4 class=\"clearfix qode-title-holder\">\n<span class=\"qode-tab-title\">\n\t    <span class=\"qode-tab-title-inner\">\n        C\u00f4t\u00e9 ZEN    <\/span>\n<\/span>\n<span class=\"qode-accordion-mark\">\n    <span class=\"qode-accordion-mark-icon\">\n        <span class=\"icon_plus\"><\/span>\n        <span class=\"icon_minus-06\"><\/span>\n    <\/span>\n<\/span>\n<\/h4>\n<div  class=\"qode-accordion-content \" >\n    <div class=\"qode-accordion-content-inner\">\n        [vc_column_text]<\/p>\n<h2>GESTION<\/h2>\n<p>Association de gestion comptable[\/vc_column_text]    <\/div>\n<\/div><\/div>[vc_empty_space height=\u00a0\u00bb40px\u00a0\u00bb][\/vc_column][vc_column width=\u00a0\u00bb1\/3&Prime;][\/vc_column][\/vc_row][vc_row css_animation=\u00a0\u00bb\u00a0\u00bb row_type=\u00a0\u00bbrow\u00a0\u00bb use_row_as_full_screen_section=\u00a0\u00bbno\u00a0\u00bb type=\u00a0\u00bbfull_width\u00a0\u00bb angled_section=\u00a0\u00bbno\u00a0\u00bb text_align=\u00a0\u00bbleft\u00a0\u00bb background_image_as_pattern=\u00a0\u00bbwithout_pattern\u00a0\u00bb][vc_column][vc_empty_space height=\u00a0\u00bb80px\u00a0\u00bb][vc_column_text]<\/p>\n<p><strong>Merci \u00e0 Camille Masy, Thomas Gutehrl\u00e9 et Oria Steenkiste d&rsquo;avoir cr\u00e9\u00e9 la compagnie \u00e0 mes c\u00f4t\u00e9s en 2015.<\/strong><\/p>\n<p><strong>Merci \u00e0 Jean-Luc Nancy de m&rsquo;avoir fait confiance pour la cr\u00e9ation de Tombe de Sommeil en 2015 alors que la compagnie venait de na\u00eetre.<\/strong><\/p>\n<p><strong>Merci \u00e0 Sol\u00e8ne de Finance, Nadia Bravo et Hugo Lacasse d&rsquo;avoir cr\u00e9\u00e9 avec moi le spectacle \u00ab\u00a0A nos ennemis\u00a0\u00bb qui a crois\u00e9 le chemin de Plus d&rsquo;une voix en 2017.<\/strong><\/p>\n<p>Merci \u00e0 Serge Lipszyc d&rsquo;avoir fait la mise en sc\u00e8ne de Ph\u00e8dre et d&rsquo;A mon chien rouge. Merci \u00e0 Yann Siptrott, Jean-Christophe Lauth, Jean-Christophe Marq et Geoffrey Goudeau d&rsquo;y avoir particip\u00e9.<\/p>\n<p><\/br><\/p>\n<p><strong>Merci \u00e0 tous les artistes inconnus qui viendront nourrir cette compagnie de joie, de profondeur et d&rsquo;audace.<\/strong><\/p>\n<p><em><\/p>\n<p><\/br><\/p>\n<p>H\u00e9l\u00e8ne Lacoste, directrice artistique<\/strong><\/p>\n<p><\/em><\/p>\n<p>[\/vc_column_text][\/vc_column][\/vc_row]<\/p>\n","protected":false},"excerpt":{"rendered":"<p>[vc_row css_animation=\u00a0\u00bb\u00a0\u00bb row_type=\u00a0\u00bbrow\u00a0\u00bb use_row_as_full_screen_section=\u00a0\u00bbno\u00a0\u00bb type=\u00a0\u00bbfull_width\u00a0\u00bb angled_section=\u00a0\u00bbno\u00a0\u00bb text_align=\u00a0\u00bbleft\u00a0\u00bb background_image_as_pattern=\u00a0\u00bbwithout_pattern\u00a0\u00bb][vc_column][vc_empty_space][vc_empty_space][vc_empty_space][vc_column_text] LA COMPAGNIE PLUS D&rsquo;UNE VOIX [\/vc_column_text][vc_column_text] La compagnie Plus d\u2019une voix est n\u00e9e d\u2019une envie litt\u00e9raire. C\u2019est d\u2019abord ce d\u00e9sir, de faire entendre une langue, une pens\u00e9e, qui nous a men\u00e9 au th\u00e9\u00e2tre. La sc\u00e8ne est un&#8230;<\/p>\n","protected":false},"author":1,"featured_media":0,"parent":0,"menu_order":5,"comment_status":"closed","ping_status":"closed","template":"","meta":{"footnotes":""},"_links":{"self":[{"href":"https:\/\/plusdunevoix.fr\/index.php\/wp-json\/wp\/v2\/pages\/5"}],"collection":[{"href":"https:\/\/plusdunevoix.fr\/index.php\/wp-json\/wp\/v2\/pages"}],"about":[{"href":"https:\/\/plusdunevoix.fr\/index.php\/wp-json\/wp\/v2\/types\/page"}],"author":[{"embeddable":true,"href":"https:\/\/plusdunevoix.fr\/index.php\/wp-json\/wp\/v2\/users\/1"}],"replies":[{"embeddable":true,"href":"https:\/\/plusdunevoix.fr\/index.php\/wp-json\/wp\/v2\/comments?post=5"}],"version-history":[{"count":389,"href":"https:\/\/plusdunevoix.fr\/index.php\/wp-json\/wp\/v2\/pages\/5\/revisions"}],"predecessor-version":[{"id":2420,"href":"https:\/\/plusdunevoix.fr\/index.php\/wp-json\/wp\/v2\/pages\/5\/revisions\/2420"}],"wp:attachment":[{"href":"https:\/\/plusdunevoix.fr\/index.php\/wp-json\/wp\/v2\/media?parent=5"}],"curies":[{"name":"wp","href":"https:\/\/api.w.org\/{rel}","templated":true}]}}